{"id":1287,"date":"2026-02-09T17:12:11","date_gmt":"2026-02-09T22:12:11","guid":{"rendered":"https:\/\/mayansolutions.com\/?page_id=1287"},"modified":"2026-02-13T13:14:59","modified_gmt":"2026-02-13T18:14:59","slug":"splitbill","status":"publish","type":"page","link":"https:\/\/mayansolutions.com\/en\/apps\/splitbill\/","title":{"rendered":"Split Bill \u2013 Account Divider"},"content":{"rendered":"<style>\n    .split-bill-iframe {\n        \/* Mobile & Tablet Scaling Fixes *\/\n        width: 1px;\n        min-width: 100%;\n        border: none;\n        display: block;\n        min-height: 700px; \n        pointer-events: auto;\n        \/* Flush with Footer *\/\n        vertical-align: bottom; \n        margin-bottom: 0;\n        transition: height 0.3s ease-out;\n    }\n<\/style>\n\n\n<iframe \n    src=\"https:\/\/mayansolutions.com\/wp-content\/apps\/split-bill-en.html\" \n    scrolling=\"no\" \n    title=\"Split Bill EN\">\n<\/iframe>","protected":false},"excerpt":{"rendered":"","protected":false},"author":1,"featured_media":1041,"parent":1277,"menu_order":0,"comment_status":"closed","ping_status":"closed","template":"","meta":{"footnotes":""},"class_list":["post-1287","page","type-page","status-publish","has-post-thumbnail","hentry"],"yoast_head":"<!-- This site is optimized with the Yoast SEO plugin v27.1.1 - https:\/\/yoast.com\/product\/yoast-seo-wordpress\/ -->\n<title>Split Bill - Divisor de Cuentas &#8226; Mayan Solutions\u00ae<\/title>\n<meta name=\"description\" content=\"Divisor de cuentas compartidas gratis. Calcula cu\u00e1nto $ deben repartirse x personas de una cuenta espec\u00edfica. Completo y muy f\u00e1cil de usar.\" \/>\n<meta name=\"robots\" content=\"index, follow, max-snippet:-1, max-image-preview:large, max-video-preview:-1\" \/>\n<link rel=\"canonical\" href=\"https:\/\/mayansolutions.com\/en\/apps\/splitbill\/\" \/>\n<meta property=\"og:locale\" content=\"en_US\" \/>\n<meta property=\"og:type\" content=\"article\" \/>\n<meta property=\"og:title\" content=\"Split Bill - Divisor de Cuentas &#8226; Mayan Solutions\u00ae\" \/>\n<meta property=\"og:description\" content=\"Divisor de cuentas compartidas gratis. Calcula cu\u00e1nto $ deben repartirse x personas de una cuenta espec\u00edfica. Completo y muy f\u00e1cil de usar.\" \/>\n<meta property=\"og:url\" content=\"https:\/\/mayansolutions.com\/en\/apps\/splitbill\/\" \/>\n<meta property=\"og:site_name\" content=\"Mayan Solutions\u00ae\" \/>\n<meta property=\"article:publisher\" content=\"http:\/\/fb.com\/Mayan.Solutions\" \/>\n<meta property=\"article:modified_time\" content=\"2026-02-13T18:14:59+00:00\" \/>\n<meta property=\"og:image\" content=\"https:\/\/mayansolutions.com\/wp-content\/uploads\/2023\/01\/Presentacio\u0301n-ISOnew.png\" \/>\n\t<meta property=\"og:image:width\" content=\"1200\" \/>\n\t<meta property=\"og:image:height\" content=\"883\" \/>\n\t<meta property=\"og:image:type\" content=\"image\/png\" \/>\n<meta name=\"twitter:card\" content=\"summary_large_image\" \/>\n<script type=\"application\/ld+json\" class=\"yoast-schema-graph\">{\"@context\":\"https:\/\/schema.org\",\"@graph\":[{\"@type\":\"WebPage\",\"@id\":\"https:\/\/mayansolutions.com\/apps\/splitbill\/\",\"url\":\"https:\/\/mayansolutions.com\/apps\/splitbill\/\",\"name\":\"Split Bill - Divisor de Cuentas &#8226; Mayan Solutions\u00ae\",\"isPartOf\":{\"@id\":\"https:\/\/mayansolutions.com\/#website\"},\"primaryImageOfPage\":{\"@id\":\"https:\/\/mayansolutions.com\/apps\/splitbill\/#primaryimage\"},\"image\":{\"@id\":\"https:\/\/mayansolutions.com\/apps\/splitbill\/#primaryimage\"},\"thumbnailUrl\":\"https:\/\/mayansolutions.com\/wp-content\/uploads\/2023\/01\/Presentacio\u0301n-ISOnew.png\",\"datePublished\":\"2026-02-09T22:12:11+00:00\",\"dateModified\":\"2026-02-13T18:14:59+00:00\",\"description\":\"Divisor de cuentas compartidas gratis. Calcula cu\u00e1nto $ deben repartirse x personas de una cuenta espec\u00edfica. Completo y muy f\u00e1cil de usar.\",\"breadcrumb\":{\"@id\":\"https:\/\/mayansolutions.com\/apps\/splitbill\/#breadcrumb\"},\"inLanguage\":\"en-US\",\"potentialAction\":[{\"@type\":\"ReadAction\",\"target\":[\"https:\/\/mayansolutions.com\/apps\/splitbill\/\"]}]},{\"@type\":\"ImageObject\",\"inLanguage\":\"en-US\",\"@id\":\"https:\/\/mayansolutions.com\/apps\/splitbill\/#primaryimage\",\"url\":\"https:\/\/mayansolutions.com\/wp-content\/uploads\/2023\/01\/Presentacio\u0301n-ISOnew.png\",\"contentUrl\":\"https:\/\/mayansolutions.com\/wp-content\/uploads\/2023\/01\/Presentacio\u0301n-ISOnew.png\",\"width\":1200,\"height\":883},{\"@type\":\"BreadcrumbList\",\"@id\":\"https:\/\/mayansolutions.com\/apps\/splitbill\/#breadcrumb\",\"itemListElement\":[{\"@type\":\"ListItem\",\"position\":1,\"name\":\"Portada\",\"item\":\"https:\/\/mayansolutions.com\/\"},{\"@type\":\"ListItem\",\"position\":2,\"name\":\"Apps\",\"item\":\"https:\/\/mayansolutions.com\/apps\/\"},{\"@type\":\"ListItem\",\"position\":3,\"name\":\"Split Bill &#8211; Divisor de Cuentas\"}]},{\"@type\":\"WebSite\",\"@id\":\"https:\/\/mayansolutions.com\/#website\",\"url\":\"https:\/\/mayansolutions.com\/\",\"name\":\"Mayan Solutions\u00ae\",\"description\":\"Branding &amp; Dise\u00f1o\",\"publisher\":{\"@id\":\"https:\/\/mayansolutions.com\/#organization\"},\"potentialAction\":[{\"@type\":\"SearchAction\",\"target\":{\"@type\":\"EntryPoint\",\"urlTemplate\":\"https:\/\/mayansolutions.com\/?s={search_term_string}\"},\"query-input\":{\"@type\":\"PropertyValueSpecification\",\"valueRequired\":true,\"valueName\":\"search_term_string\"}}],\"inLanguage\":\"en-US\"},{\"@type\":\"Organization\",\"@id\":\"https:\/\/mayansolutions.com\/#organization\",\"name\":\"Mayan Solutions\u00ae\",\"url\":\"https:\/\/mayansolutions.com\/\",\"logo\":{\"@type\":\"ImageObject\",\"inLanguage\":\"en-US\",\"@id\":\"https:\/\/mayansolutions.com\/#\/schema\/logo\/image\/\",\"url\":\"https:\/\/mayansolutions.com\/wp-content\/uploads\/2022\/12\/Mayan-Penta.jpg\",\"contentUrl\":\"https:\/\/mayansolutions.com\/wp-content\/uploads\/2022\/12\/Mayan-Penta.jpg\",\"width\":1806,\"height\":1412,\"caption\":\"Mayan Solutions\u00ae\"},\"image\":{\"@id\":\"https:\/\/mayansolutions.com\/#\/schema\/logo\/image\/\"},\"sameAs\":[\"http:\/\/fb.com\/Mayan.Solutions\"]}]}<\/script>\n<!-- \/ Yoast SEO plugin. -->","yoast_head_json":{"title":"Split Bill - Divisor de Cuentas &#8226; Mayan Solutions\u00ae","description":"Divisor de cuentas compartidas gratis. Calcula cu\u00e1nto $ deben repartirse x personas de una cuenta espec\u00edfica. Completo y muy f\u00e1cil de usar.","robots":{"index":"index","follow":"follow","max-snippet":"max-snippet:-1","max-image-preview":"max-image-preview:large","max-video-preview":"max-video-preview:-1"},"canonical":"https:\/\/mayansolutions.com\/en\/apps\/splitbill\/","og_locale":"en_US","og_type":"article","og_title":"Split Bill - Divisor de Cuentas &#8226; Mayan Solutions\u00ae","og_description":"Divisor de cuentas compartidas gratis. Calcula cu\u00e1nto $ deben repartirse x personas de una cuenta espec\u00edfica. Completo y muy f\u00e1cil de usar.","og_url":"https:\/\/mayansolutions.com\/en\/apps\/splitbill\/","og_site_name":"Mayan Solutions\u00ae","article_publisher":"http:\/\/fb.com\/Mayan.Solutions","article_modified_time":"2026-02-13T18:14:59+00:00","og_image":[{"width":1200,"height":883,"url":"https:\/\/mayansolutions.com\/wp-content\/uploads\/2023\/01\/Presentacio\u0301n-ISOnew.png","type":"image\/png"}],"twitter_card":"summary_large_image","schema":{"@context":"https:\/\/schema.org","@graph":[{"@type":"WebPage","@id":"https:\/\/mayansolutions.com\/apps\/splitbill\/","url":"https:\/\/mayansolutions.com\/apps\/splitbill\/","name":"Split Bill - Divisor de Cuentas &#8226; Mayan Solutions\u00ae","isPartOf":{"@id":"https:\/\/mayansolutions.com\/#website"},"primaryImageOfPage":{"@id":"https:\/\/mayansolutions.com\/apps\/splitbill\/#primaryimage"},"image":{"@id":"https:\/\/mayansolutions.com\/apps\/splitbill\/#primaryimage"},"thumbnailUrl":"https:\/\/mayansolutions.com\/wp-content\/uploads\/2023\/01\/Presentacio\u0301n-ISOnew.png","datePublished":"2026-02-09T22:12:11+00:00","dateModified":"2026-02-13T18:14:59+00:00","description":"Divisor de cuentas compartidas gratis. Calcula cu\u00e1nto $ deben repartirse x personas de una cuenta espec\u00edfica. Completo y muy f\u00e1cil de usar.","breadcrumb":{"@id":"https:\/\/mayansolutions.com\/apps\/splitbill\/#breadcrumb"},"inLanguage":"en-US","potentialAction":[{"@type":"ReadAction","target":["https:\/\/mayansolutions.com\/apps\/splitbill\/"]}]},{"@type":"ImageObject","inLanguage":"en-US","@id":"https:\/\/mayansolutions.com\/apps\/splitbill\/#primaryimage","url":"https:\/\/mayansolutions.com\/wp-content\/uploads\/2023\/01\/Presentacio\u0301n-ISOnew.png","contentUrl":"https:\/\/mayansolutions.com\/wp-content\/uploads\/2023\/01\/Presentacio\u0301n-ISOnew.png","width":1200,"height":883},{"@type":"BreadcrumbList","@id":"https:\/\/mayansolutions.com\/apps\/splitbill\/#breadcrumb","itemListElement":[{"@type":"ListItem","position":1,"name":"Portada","item":"https:\/\/mayansolutions.com\/"},{"@type":"ListItem","position":2,"name":"Apps","item":"https:\/\/mayansolutions.com\/apps\/"},{"@type":"ListItem","position":3,"name":"Split Bill &#8211; Divisor de Cuentas"}]},{"@type":"WebSite","@id":"https:\/\/mayansolutions.com\/#website","url":"https:\/\/mayansolutions.com\/","name":"Mayan Solutions\u00ae","description":"Branding &amp; Design","publisher":{"@id":"https:\/\/mayansolutions.com\/#organization"},"potentialAction":[{"@type":"SearchAction","target":{"@type":"EntryPoint","urlTemplate":"https:\/\/mayansolutions.com\/?s={search_term_string}"},"query-input":{"@type":"PropertyValueSpecification","valueRequired":true,"valueName":"search_term_string"}}],"inLanguage":"en-US"},{"@type":"Organization","@id":"https:\/\/mayansolutions.com\/#organization","name":"Mayan Solutions\u00ae","url":"https:\/\/mayansolutions.com\/","logo":{"@type":"ImageObject","inLanguage":"en-US","@id":"https:\/\/mayansolutions.com\/#\/schema\/logo\/image\/","url":"https:\/\/mayansolutions.com\/wp-content\/uploads\/2022\/12\/Mayan-Penta.jpg","contentUrl":"https:\/\/mayansolutions.com\/wp-content\/uploads\/2022\/12\/Mayan-Penta.jpg","width":1806,"height":1412,"caption":"Mayan Solutions\u00ae"},"image":{"@id":"https:\/\/mayansolutions.com\/#\/schema\/logo\/image\/"},"sameAs":["http:\/\/fb.com\/Mayan.Solutions"]}]}},"jetpack_sharing_enabled":true,"_links":{"self":[{"href":"https:\/\/mayansolutions.com\/en\/wp-json\/wp\/v2\/pages\/1287","targetHints":{"allow":["GET"]}}],"collection":[{"href":"https:\/\/mayansolutions.com\/en\/wp-json\/wp\/v2\/pages"}],"about":[{"href":"https:\/\/mayansolutions.com\/en\/wp-json\/wp\/v2\/types\/page"}],"author":[{"embeddable":true,"href":"https:\/\/mayansolutions.com\/en\/wp-json\/wp\/v2\/users\/1"}],"replies":[{"embeddable":true,"href":"https:\/\/mayansolutions.com\/en\/wp-json\/wp\/v2\/comments?post=1287"}],"version-history":[{"count":9,"href":"https:\/\/mayansolutions.com\/en\/wp-json\/wp\/v2\/pages\/1287\/revisions"}],"predecessor-version":[{"id":1390,"href":"https:\/\/mayansolutions.com\/en\/wp-json\/wp\/v2\/pages\/1287\/revisions\/1390"}],"up":[{"embeddable":true,"href":"https:\/\/mayansolutions.com\/en\/wp-json\/wp\/v2\/pages\/1277"}],"wp:featuredmedia":[{"embeddable":true,"href":"https:\/\/mayansolutions.com\/en\/wp-json\/wp\/v2\/media\/1041"}],"wp:attachment":[{"href":"https:\/\/mayansolutions.com\/en\/wp-json\/wp\/v2\/media?parent=1287"}],"curies":[{"name":"wp","href":"https:\/\/api.w.org\/{rel}","templated":true}]}}