{"id":1305,"date":"2026-02-10T10:40:36","date_gmt":"2026-02-10T15:40:36","guid":{"rendered":"https:\/\/mayansolutions.com\/?page_id=1305"},"modified":"2026-02-11T10:04:00","modified_gmt":"2026-02-11T15:04:00","slug":"text-style","status":"publish","type":"page","link":"https:\/\/mayansolutions.com\/en\/apps\/text-style\/","title":{"rendered":"Estilizar Texto"},"content":{"rendered":"<style>\n    .text-style-iframe {\n        width: 1px;\n        min-width: 100%;\n        border: none;\n        display: block;\n        min-height: 600px; \/* Good starting height for a text editor *\/\n        pointer-events: auto;\n        \/* The White Line Fix *\/\n        vertical-align: bottom; \n        margin-bottom: 0;\n    }\n<\/style>\n\n\n<iframe \n    src=\"https:\/\/mayansolutions.com\/wp-content\/apps\/text-style-en.html\" \n    scrolling=\"no\" \n    title=\"Text Style EN\">\n<\/iframe>","protected":false},"excerpt":{"rendered":"","protected":false},"author":1,"featured_media":1041,"parent":1277,"menu_order":0,"comment_status":"closed","ping_status":"closed","template":"","meta":{"footnotes":""},"class_list":["post-1305","page","type-page","status-publish","has-post-thumbnail","hentry"],"yoast_head":"<!-- This site is optimized with the Yoast SEO plugin v27.1.1 - https:\/\/yoast.com\/product\/yoast-seo-wordpress\/ -->\n<title>Estilizar Texto &#8226; Text Style &#8226; Mayan Solutions\u00ae<\/title>\n<meta name=\"description\" content=\"Pega tu texto, elige estilo, c\u00f3pialo y p\u00e9galo donde quieras. La aplicaci\u00f3n gratuita &quot;Text Style&quot; aplica estilo a tu texto de manera simple.\" \/>\n<meta name=\"robots\" content=\"index, follow, max-snippet:-1, max-image-preview:large, max-video-preview:-1\" \/>\n<link rel=\"canonical\" href=\"https:\/\/mayansolutions.com\/en\/apps\/text-style\/\" \/>\n<meta property=\"og:locale\" content=\"en_US\" \/>\n<meta property=\"og:type\" content=\"article\" \/>\n<meta property=\"og:title\" content=\"Estilizar Texto &#8226; Text Style &#8226; Mayan Solutions\u00ae\" \/>\n<meta property=\"og:description\" content=\"Pega tu texto, elige estilo, c\u00f3pialo y p\u00e9galo donde quieras. La aplicaci\u00f3n gratuita &quot;Text Style&quot; aplica estilo a tu texto de manera simple.\" \/>\n<meta property=\"og:url\" content=\"https:\/\/mayansolutions.com\/en\/apps\/text-style\/\" \/>\n<meta property=\"og:site_name\" content=\"Mayan Solutions\u00ae\" \/>\n<meta property=\"article:publisher\" content=\"http:\/\/fb.com\/Mayan.Solutions\" \/>\n<meta property=\"article:modified_time\" content=\"2026-02-11T15:04:00+00:00\" \/>\n<meta property=\"og:image\" content=\"https:\/\/mayansolutions.com\/wp-content\/uploads\/2023\/01\/Presentacio\u0301n-ISOnew.png\" \/>\n\t<meta property=\"og:image:width\" content=\"1200\" \/>\n\t<meta property=\"og:image:height\" content=\"883\" \/>\n\t<meta property=\"og:image:type\" content=\"image\/png\" \/>\n<meta name=\"twitter:card\" content=\"summary_large_image\" \/>\n<script type=\"application\/ld+json\" class=\"yoast-schema-graph\">{\"@context\":\"https:\/\/schema.org\",\"@graph\":[{\"@type\":\"WebPage\",\"@id\":\"https:\/\/mayansolutions.com\/apps\/text-style\/\",\"url\":\"https:\/\/mayansolutions.com\/apps\/text-style\/\",\"name\":\"Estilizar Texto &#8226; Text Style &#8226; Mayan Solutions\u00ae\",\"isPartOf\":{\"@id\":\"https:\/\/mayansolutions.com\/#website\"},\"primaryImageOfPage\":{\"@id\":\"https:\/\/mayansolutions.com\/apps\/text-style\/#primaryimage\"},\"image\":{\"@id\":\"https:\/\/mayansolutions.com\/apps\/text-style\/#primaryimage\"},\"thumbnailUrl\":\"https:\/\/mayansolutions.com\/wp-content\/uploads\/2023\/01\/Presentacio\u0301n-ISOnew.png\",\"datePublished\":\"2026-02-10T15:40:36+00:00\",\"dateModified\":\"2026-02-11T15:04:00+00:00\",\"description\":\"Pega tu texto, elige estilo, c\u00f3pialo y p\u00e9galo donde quieras. La aplicaci\u00f3n gratuita \\\"Text Style\\\" aplica estilo a tu texto de manera simple.\",\"breadcrumb\":{\"@id\":\"https:\/\/mayansolutions.com\/apps\/text-style\/#breadcrumb\"},\"inLanguage\":\"en-US\",\"potentialAction\":[{\"@type\":\"ReadAction\",\"target\":[\"https:\/\/mayansolutions.com\/apps\/text-style\/\"]}]},{\"@type\":\"ImageObject\",\"inLanguage\":\"en-US\",\"@id\":\"https:\/\/mayansolutions.com\/apps\/text-style\/#primaryimage\",\"url\":\"https:\/\/mayansolutions.com\/wp-content\/uploads\/2023\/01\/Presentacio\u0301n-ISOnew.png\",\"contentUrl\":\"https:\/\/mayansolutions.com\/wp-content\/uploads\/2023\/01\/Presentacio\u0301n-ISOnew.png\",\"width\":1200,\"height\":883},{\"@type\":\"BreadcrumbList\",\"@id\":\"https:\/\/mayansolutions.com\/apps\/text-style\/#breadcrumb\",\"itemListElement\":[{\"@type\":\"ListItem\",\"position\":1,\"name\":\"Portada\",\"item\":\"https:\/\/mayansolutions.com\/\"},{\"@type\":\"ListItem\",\"position\":2,\"name\":\"Apps\",\"item\":\"https:\/\/mayansolutions.com\/apps\/\"},{\"@type\":\"ListItem\",\"position\":3,\"name\":\"Estilizar Texto\"}]},{\"@type\":\"WebSite\",\"@id\":\"https:\/\/mayansolutions.com\/#website\",\"url\":\"https:\/\/mayansolutions.com\/\",\"name\":\"Mayan Solutions\u00ae\",\"description\":\"Branding &amp; Dise\u00f1o\",\"publisher\":{\"@id\":\"https:\/\/mayansolutions.com\/#organization\"},\"potentialAction\":[{\"@type\":\"SearchAction\",\"target\":{\"@type\":\"EntryPoint\",\"urlTemplate\":\"https:\/\/mayansolutions.com\/?s={search_term_string}\"},\"query-input\":{\"@type\":\"PropertyValueSpecification\",\"valueRequired\":true,\"valueName\":\"search_term_string\"}}],\"inLanguage\":\"en-US\"},{\"@type\":\"Organization\",\"@id\":\"https:\/\/mayansolutions.com\/#organization\",\"name\":\"Mayan Solutions\u00ae\",\"url\":\"https:\/\/mayansolutions.com\/\",\"logo\":{\"@type\":\"ImageObject\",\"inLanguage\":\"en-US\",\"@id\":\"https:\/\/mayansolutions.com\/#\/schema\/logo\/image\/\",\"url\":\"https:\/\/mayansolutions.com\/wp-content\/uploads\/2022\/12\/Mayan-Penta.jpg\",\"contentUrl\":\"https:\/\/mayansolutions.com\/wp-content\/uploads\/2022\/12\/Mayan-Penta.jpg\",\"width\":1806,\"height\":1412,\"caption\":\"Mayan Solutions\u00ae\"},\"image\":{\"@id\":\"https:\/\/mayansolutions.com\/#\/schema\/logo\/image\/\"},\"sameAs\":[\"http:\/\/fb.com\/Mayan.Solutions\"]}]}<\/script>\n<!-- \/ Yoast SEO plugin. -->","yoast_head_json":{"title":"Estilizar Texto &#8226; Text Style &#8226; Mayan Solutions\u00ae","description":"Pega tu texto, elige estilo, c\u00f3pialo y p\u00e9galo donde quieras. La aplicaci\u00f3n gratuita \"Text Style\" aplica estilo a tu texto de manera simple.","robots":{"index":"index","follow":"follow","max-snippet":"max-snippet:-1","max-image-preview":"max-image-preview:large","max-video-preview":"max-video-preview:-1"},"canonical":"https:\/\/mayansolutions.com\/en\/apps\/text-style\/","og_locale":"en_US","og_type":"article","og_title":"Estilizar Texto &#8226; Text Style &#8226; Mayan Solutions\u00ae","og_description":"Pega tu texto, elige estilo, c\u00f3pialo y p\u00e9galo donde quieras. La aplicaci\u00f3n gratuita \"Text Style\" aplica estilo a tu texto de manera simple.","og_url":"https:\/\/mayansolutions.com\/en\/apps\/text-style\/","og_site_name":"Mayan Solutions\u00ae","article_publisher":"http:\/\/fb.com\/Mayan.Solutions","article_modified_time":"2026-02-11T15:04:00+00:00","og_image":[{"width":1200,"height":883,"url":"https:\/\/mayansolutions.com\/wp-content\/uploads\/2023\/01\/Presentacio\u0301n-ISOnew.png","type":"image\/png"}],"twitter_card":"summary_large_image","schema":{"@context":"https:\/\/schema.org","@graph":[{"@type":"WebPage","@id":"https:\/\/mayansolutions.com\/apps\/text-style\/","url":"https:\/\/mayansolutions.com\/apps\/text-style\/","name":"Estilizar Texto &#8226; Text Style &#8226; Mayan Solutions\u00ae","isPartOf":{"@id":"https:\/\/mayansolutions.com\/#website"},"primaryImageOfPage":{"@id":"https:\/\/mayansolutions.com\/apps\/text-style\/#primaryimage"},"image":{"@id":"https:\/\/mayansolutions.com\/apps\/text-style\/#primaryimage"},"thumbnailUrl":"https:\/\/mayansolutions.com\/wp-content\/uploads\/2023\/01\/Presentacio\u0301n-ISOnew.png","datePublished":"2026-02-10T15:40:36+00:00","dateModified":"2026-02-11T15:04:00+00:00","description":"Pega tu texto, elige estilo, c\u00f3pialo y p\u00e9galo donde quieras. La aplicaci\u00f3n gratuita \"Text Style\" aplica estilo a tu texto de manera simple.","breadcrumb":{"@id":"https:\/\/mayansolutions.com\/apps\/text-style\/#breadcrumb"},"inLanguage":"en-US","potentialAction":[{"@type":"ReadAction","target":["https:\/\/mayansolutions.com\/apps\/text-style\/"]}]},{"@type":"ImageObject","inLanguage":"en-US","@id":"https:\/\/mayansolutions.com\/apps\/text-style\/#primaryimage","url":"https:\/\/mayansolutions.com\/wp-content\/uploads\/2023\/01\/Presentacio\u0301n-ISOnew.png","contentUrl":"https:\/\/mayansolutions.com\/wp-content\/uploads\/2023\/01\/Presentacio\u0301n-ISOnew.png","width":1200,"height":883},{"@type":"BreadcrumbList","@id":"https:\/\/mayansolutions.com\/apps\/text-style\/#breadcrumb","itemListElement":[{"@type":"ListItem","position":1,"name":"Portada","item":"https:\/\/mayansolutions.com\/"},{"@type":"ListItem","position":2,"name":"Apps","item":"https:\/\/mayansolutions.com\/apps\/"},{"@type":"ListItem","position":3,"name":"Estilizar Texto"}]},{"@type":"WebSite","@id":"https:\/\/mayansolutions.com\/#website","url":"https:\/\/mayansolutions.com\/","name":"Mayan Solutions\u00ae","description":"Branding &amp; Design","publisher":{"@id":"https:\/\/mayansolutions.com\/#organization"},"potentialAction":[{"@type":"SearchAction","target":{"@type":"EntryPoint","urlTemplate":"https:\/\/mayansolutions.com\/?s={search_term_string}"},"query-input":{"@type":"PropertyValueSpecification","valueRequired":true,"valueName":"search_term_string"}}],"inLanguage":"en-US"},{"@type":"Organization","@id":"https:\/\/mayansolutions.com\/#organization","name":"Mayan Solutions\u00ae","url":"https:\/\/mayansolutions.com\/","logo":{"@type":"ImageObject","inLanguage":"en-US","@id":"https:\/\/mayansolutions.com\/#\/schema\/logo\/image\/","url":"https:\/\/mayansolutions.com\/wp-content\/uploads\/2022\/12\/Mayan-Penta.jpg","contentUrl":"https:\/\/mayansolutions.com\/wp-content\/uploads\/2022\/12\/Mayan-Penta.jpg","width":1806,"height":1412,"caption":"Mayan Solutions\u00ae"},"image":{"@id":"https:\/\/mayansolutions.com\/#\/schema\/logo\/image\/"},"sameAs":["http:\/\/fb.com\/Mayan.Solutions"]}]}},"jetpack_sharing_enabled":true,"_links":{"self":[{"href":"https:\/\/mayansolutions.com\/en\/wp-json\/wp\/v2\/pages\/1305","targetHints":{"allow":["GET"]}}],"collection":[{"href":"https:\/\/mayansolutions.com\/en\/wp-json\/wp\/v2\/pages"}],"about":[{"href":"https:\/\/mayansolutions.com\/en\/wp-json\/wp\/v2\/types\/page"}],"author":[{"embeddable":true,"href":"https:\/\/mayansolutions.com\/en\/wp-json\/wp\/v2\/users\/1"}],"replies":[{"embeddable":true,"href":"https:\/\/mayansolutions.com\/en\/wp-json\/wp\/v2\/comments?post=1305"}],"version-history":[{"count":3,"href":"https:\/\/mayansolutions.com\/en\/wp-json\/wp\/v2\/pages\/1305\/revisions"}],"predecessor-version":[{"id":1348,"href":"https:\/\/mayansolutions.com\/en\/wp-json\/wp\/v2\/pages\/1305\/revisions\/1348"}],"up":[{"embeddable":true,"href":"https:\/\/mayansolutions.com\/en\/wp-json\/wp\/v2\/pages\/1277"}],"wp:featuredmedia":[{"embeddable":true,"href":"https:\/\/mayansolutions.com\/en\/wp-json\/wp\/v2\/media\/1041"}],"wp:attachment":[{"href":"https:\/\/mayansolutions.com\/en\/wp-json\/wp\/v2\/media?parent=1305"}],"curies":[{"name":"wp","href":"https:\/\/api.w.org\/{rel}","templated":true}]}}