{"id":62,"date":"2018-05-04T23:39:57","date_gmt":"2018-05-04T23:39:57","guid":{"rendered":"http:\/\/mayansolutions.com\/?page_id=62"},"modified":"2021-05-03T16:34:16","modified_gmt":"2021-05-03T21:34:16","slug":"contacto","status":"publish","type":"page","link":"https:\/\/mayansolutions.com\/en\/contacto\/","title":{"rendered":"Contact"},"content":{"rendered":"<a href=\"http:\/\/mayansolutions.com\/en\/\" target=\"_self\" itemprop=\"url\" rel=\"noopener\">\n\t\t\t\t<img loading=\"lazy\" decoding=\"async\" src=\"https:\/\/mayansolutions.com\/wp-content\/uploads\/2019\/03\/IsotipoNegro-1-150x150.png\" alt=\"Innovaci\u00f3n &amp; Identidad\" itemprop=\"image\" height=\"150\" width=\"150\" title=\"Isotype Black\" onerror=\"this.style.display='none'\">\n\t\t\t\t<\/a>\n\t   \t<ul id=\"menu-idioma-icono\"><li id=\"menu-item-497\"><a href=\"#\" tabindex=\"0\" role=\"link\"><\/a>\n<ul>\n\t<li id=\"menu-item-498\"><a href=\"https:\/\/mayansolutions.com\/en\/?page_id=62&amp;fl_builder\" tabindex=\"0\" role=\"link\">Mexican Spanish<\/a><\/li>\n\t<li id=\"menu-item-499\"><a href=\"https:\/\/mayansolutions.com\/en\/contacto\/\" tabindex=\"0\" role=\"link\">English<\/a><\/li>\n<\/ul>\n<\/li>\n<\/ul>\n\t\t<a href=\"javascript:void(0)\">\u00d7<\/a>\n\t\t<ul id=\"menu-mayan\"><li id=\"menu-item-262\"><a href=\"https:\/\/mayansolutions.com\/en\/\" tabindex=\"0\" role=\"link\">Home<\/a><\/li>\n<li id=\"menu-item-184\"><a href=\"#nosotros\" tabindex=\"0\" role=\"link\">About Us<\/a><\/li>\n<li id=\"menu-item-286\"><a href=\"#innovacion\" tabindex=\"0\" role=\"link\">Innovation<\/a><\/li>\n<li id=\"menu-item-185\"><a href=\"#dise\u00f1o\" tabindex=\"0\" role=\"link\">Design<\/a><\/li>\n<li id=\"menu-item-187\"><a href=\"#identidad\" tabindex=\"0\" role=\"link\">Branding<\/a><\/li>\n<li id=\"menu-item-186\"><a href=\"#microcontenido\" tabindex=\"0\" role=\"link\">Micro-Content<\/a><\/li>\n<li id=\"menu-item-524\"><a href=\"https:\/\/rewireon.com\/\" tabindex=\"0\" role=\"link\">REWIRE <\/a><\/li>\n<li id=\"menu-item-188\"><a href=\"#marcas\" tabindex=\"0\" role=\"link\">Our Brands<\/a><\/li>\n<li id=\"menu-item-352\"><a href=\"https:\/\/mayansolutions.com\/en\/easyweb\/\" tabindex=\"0\" role=\"link\">Easy Web <\/a><\/li>\n<li id=\"menu-item-189\"><a href=\"https:\/\/mayansolutions.com\/en\/contacto\/\" aria-current=\"page\" tabindex=\"0\" role=\"link\">Contact<\/a><\/li>\n<li id=\"menu-item-494\"><a href=\"#\" tabindex=\"0\" role=\"link\">Language <\/a>\n<ul>\n\t<li id=\"menu-item-495\"><a href=\"https:\/\/mayansolutions.com\/en\/?page_id=62&amp;fl_builder\" tabindex=\"0\" role=\"link\">Mexican Spanish<\/a><\/li>\n\t<li id=\"menu-item-496\"><a href=\"https:\/\/mayansolutions.com\/en\/contacto\/\" tabindex=\"0\" role=\"link\">English<\/a><\/li>\n<\/ul>\n<\/li>\n<\/ul>\n\t\t\t\t<a href=\"http:\/\/mayansolutions.com\/en\/\" target=\"_self\" itemprop=\"url\" rel=\"noopener\">\n\t\t\t\t<img decoding=\"async\" src=\"http:\/\/mayansolutions.com\/wp-content\/uploads\/2018\/05\/Pakal_Zamna-300x300.png\" alt=\"Mayan Innovaci\u00f3n &amp; Identidad\" itemprop=\"image\" title=\"Mayan Solutions Pakal\" onerror=\"this.style.display='none'\">\n\t\t\t\t<\/a>\n\t\u201cYour project is in good hands.<br>\nThe forces of the Universe are on our side \u201d.\n\t<h2>What&#039;s App At the bottom button<\/h2>\n\t<p>Be sure to detail the best that your project can. We will get in touch with you as soon as possible.<\/p>\n<h3>\n\t\tOr fill out this form ...\n\t<\/h3>\n<form action=\"\">\n\t<input type=\"hidden\" name=\"fl-layout-id\" value=\"62\">\n    <h3>\n\t\t<\/h3>\n\t\n\t\t\n    \t\t<label for=\"pp-name-\">Name<\/label>\n    \t\tPlease enter your name.\n    \t\t<input type=\"text\" name=\"pp-name\" id=\"pp-name-\" value=\"\" placeholder=\"Name\">\n    \t\t<label for=\"pp-email-\">E-mail<\/label>\n    \t\tPlease enter a valid email address.\n    \t\t<input type=\"email\" name=\"pp-email\" id=\"pp-email-\" value=\"\" placeholder=\"E-mail\">\n    \t\t<label for=\"pp-subject-\">Affair<\/label>\n    \t\tPlease enter a subject.\n    \t\t<input type=\"text\" name=\"pp-subject\" id=\"pp-subject-\" value=\"\" placeholder=\"Affair\">\n    \t\t<label for=\"pp-message-\">Message<\/label>\n    \t\tPlease type your message.\n    \t\t<textarea name=\"pp-message\" id=\"pp-message-\" placeholder=\"Message\"><\/textarea>\n    \t<a href=\"#\" target=\"_self\" role=\"button\" rel=\"noopener\">\n    \t\t    \t\t    \t\tSend\n    \t\t    \t\t    \t<\/a>\n\t\t\tThe message was not sent. Please try again.\n<input type=\"hidden\" name=\"trp-form-language\" value=\"en\"\/><\/form>\n  <p>Thank you very much for contacting us. We will be responding very soon.<\/p>\n\t\t<link itemprop=\"url\" href=\"https:\/\/mayansolutions.com\">\n\t\t<a itemprop=\"sameAs\" href=\"https:\/\/fb.com\/Mayan.Solutions\" target=\"_blank\" title=\"\" aria-label=\"\" role=\"button\" rel=\"noopener\">\n\t\t\t\t\t<\/a>\n\t\t<link itemprop=\"url\" href=\"https:\/\/mayansolutions.com\">\n\t\t<a itemprop=\"sameAs\" href=\"https:\/\/www.youtube.com\/channel\/UCXWtODSb2jKBqQFdF7bXjfA\" target=\"_blank\" title=\"Youtube\" aria-label=\"Youtube\" role=\"button\" rel=\"noopener\">\n\t\t\t\t\t<\/a>\n\t\t<link itemprop=\"url\" href=\"https:\/\/mayansolutions.com\">\n\t\t<a itemprop=\"sameAs\" href=\"https:\/\/vimeo.com\/mayansolutions\" target=\"_blank\" title=\"Vimeo\" aria-label=\"Vimeo\" role=\"button\" rel=\"noopener\">\n\t\t\t\t\t<\/a>\n\tMayan Solutions \u00ae - 2019. Riviera Maya, MX.<br>\nWe also respond in social networks.\n\t<h2>Have you checked them yet?<\/h2>\n\t\t<blockquote cite=\"facebook.com\/Mayan.Solutions\"><a href=\"\/en\/facebook.com\/Mayan.Solutions\/\"><\/a><\/blockquote>\n\t\t<blockquote cite=\"https:\/\/www.facebook.com\/SoulSyncMX\"><a href=\"https:\/\/www.facebook.com\/SoulSyncMX\"><\/a><\/blockquote>\n\t\t<blockquote cite=\"https:\/\/www.facebook.com\/NahuaYoga\"><a href=\"https:\/\/www.facebook.com\/NahuaYoga\"><\/a><\/blockquote>\n\t\t<blockquote cite=\"facebook.com\/Easy.Web.Mex\"><a href=\"\/en\/facebook.com\/Easy.Web.Mex\/\"><\/a><\/blockquote>\n\t<p>All these marks are the property of Mayan Solutions\u00ae - All rights reserved.<\/p>","protected":false},"excerpt":{"rendered":"<p>Spanish of Mexico English \u00d7 Home About Us Innovation Design Identity Micro-Content REWIRE Our Brands Easy Web Contact Language Spanish of Mexico English \u201cYour project is in good hands. The forces of the Universe are on our side \u201d. What&#039;s App Bottom button Be sure to detail your project to the best of your ability. We will get in touch ...<\/p>","protected":false},"author":1,"featured_media":1041,"parent":0,"menu_order":0,"comment_status":"closed","ping_status":"closed","template":"tpl-no-header-footer.php","meta":{"footnotes":""},"class_list":["post-62","page","type-page","status-publish","has-post-thumbnail","hentry"],"yoast_head":"<!-- This site is optimized with the Yoast SEO plugin v27.4 - https:\/\/yoast.com\/product\/yoast-seo-wordpress\/ -->\n<title>Contacto &#8226; Mayan Solutions\u00ae<\/title>\n<meta name=\"robots\" content=\"index, follow, max-snippet:-1, max-image-preview:large, max-video-preview:-1\" \/>\n<link rel=\"canonical\" href=\"https:\/\/mayansolutions.com\/en\/contacto\/\" \/>\n<meta property=\"og:locale\" content=\"en_US\" \/>\n<meta property=\"og:type\" content=\"article\" \/>\n<meta property=\"og:title\" content=\"Contacto &#8226; Mayan Solutions\u00ae\" \/>\n<meta property=\"og:description\" content=\"Espa\u00f1ol de M\u00e9xico English \u00d7 Inicio Nosotros Innovaci\u00f3n Dise\u00f1o Identidad Micro-Contenido REWIRE Nuestras Marcas Easy Web Contacto Idioma Espa\u00f1ol de M\u00e9xico English &#8220;Su proyecto est\u00e1 en buenas manos. Las fuerzas del Universo est\u00e1n de nuestro lado&#8221;. What&#8217;s App En el bot\u00f3n inferior Aseg\u00farese de detallar lo mejor que pueda su proyecto. Nos pondremos en contacto&hellip;\" \/>\n<meta property=\"og:url\" content=\"https:\/\/mayansolutions.com\/en\/contacto\/\" \/>\n<meta property=\"og:site_name\" content=\"Mayan Solutions\u00ae\" \/>\n<meta property=\"article:publisher\" content=\"http:\/\/fb.com\/Mayan.Solutions\" \/>\n<meta property=\"article:modified_time\" content=\"2021-05-03T21:34:16+00:00\" \/>\n<meta property=\"og:image\" content=\"https:\/\/mayansolutions.com\/wp-content\/uploads\/2019\/03\/IsotipoNegro-1-150x150.png\" \/>\n<meta name=\"twitter:card\" content=\"summary_large_image\" \/>\n<meta name=\"twitter:label1\" content=\"Est. reading time\" \/>\n\t<meta name=\"twitter:data1\" content=\"1 minute\" \/>\n<script type=\"application\/ld+json\" class=\"yoast-schema-graph\">{\"@context\":\"https:\\\/\\\/schema.org\",\"@graph\":[{\"@type\":\"WebPage\",\"@id\":\"https:\\\/\\\/mayansolutions.com\\\/contacto\\\/\",\"url\":\"https:\\\/\\\/mayansolutions.com\\\/contacto\\\/\",\"name\":\"Contacto &#8226; Mayan Solutions\u00ae\",\"isPartOf\":{\"@id\":\"https:\\\/\\\/mayansolutions.com\\\/#website\"},\"primaryImageOfPage\":{\"@id\":\"https:\\\/\\\/mayansolutions.com\\\/contacto\\\/#primaryimage\"},\"image\":{\"@id\":\"https:\\\/\\\/mayansolutions.com\\\/contacto\\\/#primaryimage\"},\"thumbnailUrl\":\"https:\\\/\\\/mayansolutions.com\\\/wp-content\\\/uploads\\\/2023\\\/01\\\/Presentacio\u0301n-ISOnew.png\",\"datePublished\":\"2018-05-04T23:39:57+00:00\",\"dateModified\":\"2021-05-03T21:34:16+00:00\",\"breadcrumb\":{\"@id\":\"https:\\\/\\\/mayansolutions.com\\\/contacto\\\/#breadcrumb\"},\"inLanguage\":\"en-US\",\"potentialAction\":[{\"@type\":\"ReadAction\",\"target\":[\"https:\\\/\\\/mayansolutions.com\\\/contacto\\\/\"]}]},{\"@type\":\"ImageObject\",\"inLanguage\":\"en-US\",\"@id\":\"https:\\\/\\\/mayansolutions.com\\\/contacto\\\/#primaryimage\",\"url\":\"https:\\\/\\\/mayansolutions.com\\\/wp-content\\\/uploads\\\/2023\\\/01\\\/Presentacio\u0301n-ISOnew.png\",\"contentUrl\":\"https:\\\/\\\/mayansolutions.com\\\/wp-content\\\/uploads\\\/2023\\\/01\\\/Presentacio\u0301n-ISOnew.png\",\"width\":1200,\"height\":883},{\"@type\":\"BreadcrumbList\",\"@id\":\"https:\\\/\\\/mayansolutions.com\\\/contacto\\\/#breadcrumb\",\"itemListElement\":[{\"@type\":\"ListItem\",\"position\":1,\"name\":\"Portada\",\"item\":\"https:\\\/\\\/mayansolutions.com\\\/\"},{\"@type\":\"ListItem\",\"position\":2,\"name\":\"Contacto\"}]},{\"@type\":\"WebSite\",\"@id\":\"https:\\\/\\\/mayansolutions.com\\\/#website\",\"url\":\"https:\\\/\\\/mayansolutions.com\\\/\",\"name\":\"Mayan Solutions\u00ae\",\"description\":\"Branding &amp; Dise\u00f1o\",\"publisher\":{\"@id\":\"https:\\\/\\\/mayansolutions.com\\\/#organization\"},\"potentialAction\":[{\"@type\":\"SearchAction\",\"target\":{\"@type\":\"EntryPoint\",\"urlTemplate\":\"https:\\\/\\\/mayansolutions.com\\\/?s={search_term_string}\"},\"query-input\":{\"@type\":\"PropertyValueSpecification\",\"valueRequired\":true,\"valueName\":\"search_term_string\"}}],\"inLanguage\":\"en-US\"},{\"@type\":\"Organization\",\"@id\":\"https:\\\/\\\/mayansolutions.com\\\/#organization\",\"name\":\"Mayan Solutions\u00ae\",\"url\":\"https:\\\/\\\/mayansolutions.com\\\/\",\"logo\":{\"@type\":\"ImageObject\",\"inLanguage\":\"en-US\",\"@id\":\"https:\\\/\\\/mayansolutions.com\\\/#\\\/schema\\\/logo\\\/image\\\/\",\"url\":\"https:\\\/\\\/mayansolutions.com\\\/wp-content\\\/uploads\\\/2022\\\/12\\\/Mayan-Penta.jpg\",\"contentUrl\":\"https:\\\/\\\/mayansolutions.com\\\/wp-content\\\/uploads\\\/2022\\\/12\\\/Mayan-Penta.jpg\",\"width\":1806,\"height\":1412,\"caption\":\"Mayan Solutions\u00ae\"},\"image\":{\"@id\":\"https:\\\/\\\/mayansolutions.com\\\/#\\\/schema\\\/logo\\\/image\\\/\"},\"sameAs\":[\"http:\\\/\\\/fb.com\\\/Mayan.Solutions\"]}]}<\/script>\n<!-- \/ Yoast SEO plugin. -->","yoast_head_json":{"title":"Contact \u2022 Mayan Solutions\u00ae","robots":{"index":"index","follow":"follow","max-snippet":"max-snippet:-1","max-image-preview":"max-image-preview:large","max-video-preview":"max-video-preview:-1"},"canonical":"https:\/\/mayansolutions.com\/en\/contacto\/","og_locale":"en_US","og_type":"article","og_title":"Contacto &#8226; Mayan Solutions\u00ae","og_description":"Espa\u00f1ol de M\u00e9xico English \u00d7 Inicio Nosotros Innovaci\u00f3n Dise\u00f1o Identidad Micro-Contenido REWIRE Nuestras Marcas Easy Web Contacto Idioma Espa\u00f1ol de M\u00e9xico English &#8220;Su proyecto est\u00e1 en buenas manos. Las fuerzas del Universo est\u00e1n de nuestro lado&#8221;. What&#8217;s App En el bot\u00f3n inferior Aseg\u00farese de detallar lo mejor que pueda su proyecto. Nos pondremos en contacto&hellip;","og_url":"https:\/\/mayansolutions.com\/en\/contacto\/","og_site_name":"Mayan Solutions\u00ae","article_publisher":"http:\/\/fb.com\/Mayan.Solutions","article_modified_time":"2021-05-03T21:34:16+00:00","og_image":[{"url":"https:\/\/mayansolutions.com\/wp-content\/uploads\/2019\/03\/IsotipoNegro-1-150x150.png","type":"","width":"","height":""}],"twitter_card":"summary_large_image","twitter_misc":{"Est. reading time":"1 minute"},"schema":{"@context":"https:\/\/schema.org","@graph":[{"@type":"WebPage","@id":"https:\/\/mayansolutions.com\/contacto\/","url":"https:\/\/mayansolutions.com\/contacto\/","name":"Contact \u2022 Mayan Solutions\u00ae","isPartOf":{"@id":"https:\/\/mayansolutions.com\/#website"},"primaryImageOfPage":{"@id":"https:\/\/mayansolutions.com\/contacto\/#primaryimage"},"image":{"@id":"https:\/\/mayansolutions.com\/contacto\/#primaryimage"},"thumbnailUrl":"https:\/\/mayansolutions.com\/wp-content\/uploads\/2023\/01\/Presentacio\u0301n-ISOnew.png","datePublished":"2018-05-04T23:39:57+00:00","dateModified":"2021-05-03T21:34:16+00:00","breadcrumb":{"@id":"https:\/\/mayansolutions.com\/contacto\/#breadcrumb"},"inLanguage":"en-US","potentialAction":[{"@type":"ReadAction","target":["https:\/\/mayansolutions.com\/contacto\/"]}]},{"@type":"ImageObject","inLanguage":"en-US","@id":"https:\/\/mayansolutions.com\/contacto\/#primaryimage","url":"https:\/\/mayansolutions.com\/wp-content\/uploads\/2023\/01\/Presentacio\u0301n-ISOnew.png","contentUrl":"https:\/\/mayansolutions.com\/wp-content\/uploads\/2023\/01\/Presentacio\u0301n-ISOnew.png","width":1200,"height":883},{"@type":"BreadcrumbList","@id":"https:\/\/mayansolutions.com\/contacto\/#breadcrumb","itemListElement":[{"@type":"ListItem","position":1,"name":"Portada","item":"https:\/\/mayansolutions.com\/"},{"@type":"ListItem","position":2,"name":"Contacto"}]},{"@type":"WebSite","@id":"https:\/\/mayansolutions.com\/#website","url":"https:\/\/mayansolutions.com\/","name":"Mayan Solutions\u00ae","description":"Branding &amp; Design","publisher":{"@id":"https:\/\/mayansolutions.com\/#organization"},"potentialAction":[{"@type":"SearchAction","target":{"@type":"EntryPoint","urlTemplate":"https:\/\/mayansolutions.com\/?s={search_term_string}"},"query-input":{"@type":"PropertyValueSpecification","valueRequired":true,"valueName":"search_term_string"}}],"inLanguage":"en-US"},{"@type":"Organization","@id":"https:\/\/mayansolutions.com\/#organization","name":"Mayan Solutions\u00ae","url":"https:\/\/mayansolutions.com\/","logo":{"@type":"ImageObject","inLanguage":"en-US","@id":"https:\/\/mayansolutions.com\/#\/schema\/logo\/image\/","url":"https:\/\/mayansolutions.com\/wp-content\/uploads\/2022\/12\/Mayan-Penta.jpg","contentUrl":"https:\/\/mayansolutions.com\/wp-content\/uploads\/2022\/12\/Mayan-Penta.jpg","width":1806,"height":1412,"caption":"Mayan Solutions\u00ae"},"image":{"@id":"https:\/\/mayansolutions.com\/#\/schema\/logo\/image\/"},"sameAs":["http:\/\/fb.com\/Mayan.Solutions"]}]}},"jetpack_sharing_enabled":true,"_links":{"self":[{"href":"https:\/\/mayansolutions.com\/en\/wp-json\/wp\/v2\/pages\/62","targetHints":{"allow":["GET"]}}],"collection":[{"href":"https:\/\/mayansolutions.com\/en\/wp-json\/wp\/v2\/pages"}],"about":[{"href":"https:\/\/mayansolutions.com\/en\/wp-json\/wp\/v2\/types\/page"}],"author":[{"embeddable":true,"href":"https:\/\/mayansolutions.com\/en\/wp-json\/wp\/v2\/users\/1"}],"replies":[{"embeddable":true,"href":"https:\/\/mayansolutions.com\/en\/wp-json\/wp\/v2\/comments?post=62"}],"version-history":[{"count":3,"href":"https:\/\/mayansolutions.com\/en\/wp-json\/wp\/v2\/pages\/62\/revisions"}],"predecessor-version":[{"id":768,"href":"https:\/\/mayansolutions.com\/en\/wp-json\/wp\/v2\/pages\/62\/revisions\/768"}],"wp:featuredmedia":[{"embeddable":true,"href":"https:\/\/mayansolutions.com\/en\/wp-json\/wp\/v2\/media\/1041"}],"wp:attachment":[{"href":"https:\/\/mayansolutions.com\/en\/wp-json\/wp\/v2\/media?parent=62"}],"curies":[{"name":"wp","href":"https:\/\/api.w.org\/{rel}","templated":true}]}}